{"id":139,"date":"2020-03-26T00:46:04","date_gmt":"2020-03-25T23:46:04","guid":{"rendered":"https:\/\/demosites.io\/rokophoto-gb\/?page_id=139"},"modified":"2024-08-27T18:32:09","modified_gmt":"2024-08-27T16:32:09","slug":"moi","status":"publish","type":"page","link":"https:\/\/jenny.yoga\/?page_id=139","title":{"rendered":"Moi"},"content":{"rendered":"\n<div id=\"wp-block-themeisle-blocks-advanced-columns-6fd49cfa\" class=\"wp-block-themeisle-blocks-advanced-columns alignfull has-1-columns has-desktop-equal-layout has-tablet-equal-layout has-mobile-equal-layout has-vertical-unset\"><div class=\"wp-block-themeisle-blocks-advanced-columns-overlay\"><\/div><div class=\"innerblocks-wrap\">\n<div id=\"wp-block-themeisle-blocks-advanced-column-87827bcc\" class=\"wp-block-themeisle-blocks-advanced-column\">\n<h1 id=\"wp-block-themeisle-blocks-advanced-heading-93d7a316\" class=\"wp-block-themeisle-blocks-advanced-heading wp-block-themeisle-blocks-advanced-heading-93d7a316\"> a propos de moi<\/h1>\n\n\n\n<h4 id=\"wp-block-themeisle-blocks-advanced-heading-74e05a05\" class=\"wp-block-themeisle-blocks-advanced-heading wp-block-themeisle-blocks-advanced-heading-74e05a05\"><strong> professeur de yoga<\/strong><\/h4>\n<\/div>\n<\/div><\/div>\n\n\n\n<div id=\"wp-block-themeisle-blocks-advanced-columns-9ed733b5\" class=\"wp-block-themeisle-blocks-advanced-columns alignfull has-2-columns has-desktop-equal-layout has-tablet-equal-layout has-mobile-collapsedRows-layout has-vertical-unset has-dark-bg\"><div class=\"wp-block-themeisle-blocks-advanced-columns-overlay\"><\/div><div class=\"innerblocks-wrap\">\n<div id=\"wp-block-themeisle-blocks-advanced-column-e2e4f7ae\" class=\"wp-block-themeisle-blocks-advanced-column\">\n<h2 id=\"wp-block-themeisle-blocks-advanced-heading-8818cba9\" class=\"wp-block-themeisle-blocks-advanced-heading wp-block-themeisle-blocks-advanced-heading-8818cba9\">moi<\/h2>\n\n\n\n<p class=\"has-nv-text-dark-bg-color has-text-color\">Actuellement professeur de yoga, j&rsquo;ai \u00e9t\u00e9 professeur de langues dans une vie pass\u00e9e, en passant par d&rsquo;autres professions. Comme beaucoup d&rsquo;entre nous, je poss\u00e8de plusieurs facettes. Ces exp\u00e9riences ont \u00e9t\u00e9 toutes enrichissantes et me permettent aujourd&rsquo;hui d&rsquo;aller puiser des informations dans des domaines vari\u00e9es. Je peux ajouter comme atout ma curiosit\u00e9, qui m&rsquo;am\u00e8ne \u00e0 explorer toujours de nouveaux rivages.<\/p>\n\n\n\n<p class=\"has-nv-text-dark-bg-color has-text-color\">D&rsquo;origine italienne, je suis  surtout une enfant de la nature, qui aime rire, cr\u00e9er, cuisiner et profiter de la vie.<\/p>\n\n\n\n<p class=\"has-nv-text-dark-bg-color has-text-color\">Lors d&rsquo;un voyage \u00e0 l&rsquo;\u00e9tranger j&rsquo;ai d\u00e9couvert la pratique du yoga. Mais le yoga voulait d\u00e9j\u00e0 rentrer dans ma vie depuis bien plus longtemps,  des petits cailloux avaient \u00e9t\u00e9 d\u00e9pos\u00e9s sur mon chemin bien avant ma premi\u00e8re formation en 2014.<\/p>\n\n\n\n<p class=\"has-nv-text-dark-bg-color has-text-color\">J&rsquo;aime exp\u00e9rimenter et partager, transmettre ce qui m&rsquo;anime et qui fait sens pour moi.  Dans le yoga c&rsquo;est important  de se respecter et de s&rsquo;\u00e9couter. C&rsquo;est un outil formidable,  et comme tout outil, il faut apprendre \u00e0 s&rsquo;en servir!<\/p>\n\n\n\n<p class=\"has-nv-text-dark-bg-color has-text-color\">Mon meilleur ma\u00eetre c&rsquo; est la vie! Le yoga m&rsquo;aide \u00e0 m&rsquo;adapter et avoir une approche et une vision plus globale. Sentir que nous faisons partie d&rsquo;un tout.<\/p>\n\n\n\n<p><\/p>\n\n\n\n<div style=\"height:19px\" aria-hidden=\"true\" class=\"wp-block-spacer\"><\/div>\n\n\n\n<figure class=\"wp-block-image size-large\"><img loading=\"lazy\" decoding=\"async\" width=\"1024\" height=\"683\" src=\"https:\/\/jenny.yoga\/wp-content\/uploads\/2022\/10\/jenny-15-1024x683.jpg\" alt=\"\" class=\"wp-image-246\" srcset=\"https:\/\/jenny.yoga\/wp-content\/uploads\/2022\/10\/jenny-15-1024x683.jpg 1024w, https:\/\/jenny.yoga\/wp-content\/uploads\/2022\/10\/jenny-15-300x200.jpg 300w, https:\/\/jenny.yoga\/wp-content\/uploads\/2022\/10\/jenny-15-768x512.jpg 768w, https:\/\/jenny.yoga\/wp-content\/uploads\/2022\/10\/jenny-15-1536x1024.jpg 1536w, https:\/\/jenny.yoga\/wp-content\/uploads\/2022\/10\/jenny-15-2048x1365.jpg 2048w, https:\/\/jenny.yoga\/wp-content\/uploads\/2022\/10\/jenny-15-930x620.jpg 930w\" sizes=\"auto, (max-width: 1024px) 100vw, 1024px\" \/><figcaption class=\"wp-element-caption\">photo Xavier Schneider<\/figcaption><\/figure>\n<\/div>\n\n\n\n<div id=\"wp-block-themeisle-blocks-advanced-column-9c1ad7b8\" class=\"wp-block-themeisle-blocks-advanced-column\">\n<figure class=\"wp-block-image size-large\"><img loading=\"lazy\" decoding=\"async\" width=\"683\" height=\"1024\" src=\"https:\/\/jenny.yoga\/wp-content\/uploads\/2022\/10\/jenny-9-1-683x1024.jpg\" alt=\"\" class=\"wp-image-243\" srcset=\"https:\/\/jenny.yoga\/wp-content\/uploads\/2022\/10\/jenny-9-1-683x1024.jpg 683w, https:\/\/jenny.yoga\/wp-content\/uploads\/2022\/10\/jenny-9-1-200x300.jpg 200w, https:\/\/jenny.yoga\/wp-content\/uploads\/2022\/10\/jenny-9-1-768x1152.jpg 768w, https:\/\/jenny.yoga\/wp-content\/uploads\/2022\/10\/jenny-9-1-1024x1536.jpg 1024w, https:\/\/jenny.yoga\/wp-content\/uploads\/2022\/10\/jenny-9-1-1365x2048.jpg 1365w, https:\/\/jenny.yoga\/wp-content\/uploads\/2022\/10\/jenny-9-1-scaled.jpg 1707w\" sizes=\"auto, (max-width: 683px) 100vw, 683px\" \/><figcaption class=\"wp-element-caption\">Credit photo Xavier Schneider<\/figcaption><\/figure>\n\n\n\n<div style=\"height:20px\" aria-hidden=\"true\" class=\"wp-block-spacer\"><\/div>\n\n\n\n<h2 class=\"wp-block-heading has-white-color has-text-color\">mes formations<\/h2>\n\n\n\n<p class=\"has-nv-site-bg-color has-text-color\"><strong>  <\/strong><\/p>\n\n\n\n<p class=\"has-nv-site-bg-color has-text-color\">Je continue de me former, car c&rsquo;est un \u00e9l\u00e9ment essentiel pour moi de continuer \u00e0 \u00e9voluer, de changer de perspectives et de nourrir mon \u00e2me et mon esprit.<\/p>\n\n\n\n<p><\/p>\n\n\n\n<p>Mon parcours \u00e0 commenc\u00e9 en 2014!<\/p>\n\n\n\n<p class=\"has-nv-site-bg-color has-text-color\"><strong>200h \u00e9cole International de <\/strong><a rel=\"noreferrer noopener\" href=\"https:\/\/www.sivananda.eu\/fr.html\" target=\"_blank\"><strong>Yoga Sivananda Vedanta<\/strong><\/a><strong>&nbsp;<\/strong><\/p>\n\n\n\n<p class=\"has-nv-site-bg-color has-text-color\"> 60h formation de<a rel=\"noreferrer noopener\" href=\"https:\/\/www.dinahrodrigues.com.br\/home-en\" target=\"_blank\"><strong> Yoga Hormone Therapy<\/strong><\/a><strong> <\/strong>avec<strong> Dina Rodrigues (sa cr\u00e9atrice)<\/strong><\/p>\n\n\n\n<p class=\"has-nv-site-bg-color has-text-color\"> 50h <a rel=\"noreferrer noopener\" href=\"http:\/\/www.sivananda.org\/orleans\/formations-professeurs-complementaires.htm\" target=\"_blank\"><strong>Teacher training Refresher<\/strong><\/a> &nbsp; pour approfondir mes connaissances, d\u2019am\u00e9liorer mon enseignement, de me reconnecter \u00e0 l\u2019enseignement classique du Yoga et du Vedanta.<\/p>\n\n\n\n<div class=\"wp-block-group is-vertical is-layout-flex wp-container-core-group-is-layout-8cf370e7 wp-block-group-is-layout-flex\">\n<p class=\"has-nv-site-bg-color has-text-color\">15h <strong>Get Strong<\/strong> sur les <strong>chakras<\/strong> de <a rel=\"noreferrer noopener\" href=\"http:\/\/www.dayogaschool.com\/\" target=\"_blank\">Mir<strong>a Jamadi<\/strong>\u2013 <strong>Divine Alchemy Yoga School<\/strong><\/a><\/p>\n\n\n\n<p class=\"has-nv-site-bg-color has-text-color\">35h formation de <strong>l\u2019<\/strong><a href=\"http:\/\/www.degasquet.com\/\" target=\"_blank\" rel=\"noreferrer noopener\"><strong>Institut de Gasquet <\/strong><\/a><strong>Pr\u00e9 &amp; Post Natal<\/strong> avec <strong>Bernadette de Gasquet<\/strong> en personne!<\/p>\n\n\n\n<p class=\"has-nv-site-bg-color has-text-color\">200h Formation de <strong>Yoga Vinyasa<\/strong>&nbsp; en Inde, \u00e0 Mysore aupr\u00e8s de l\u2019\u00e9cole <a href=\"https:\/\/www.samyakyoga.org\/#entersite\" target=\"_blank\" rel=\"noreferrer noopener\"><strong>Samyak Yoga<\/strong><\/a><\/p>\n\n\n\n<p>30h Workshop Surya Namaskar <strong>create your namaskar<\/strong> Alessandra Pecorella <a href=\"https:\/\/adityayogaschool.co.uk\/\" target=\"_blank\" rel=\"noreferrer noopener\"><strong>Aditya yoga School<\/strong><\/a><\/p>\n\n\n\n<p class=\"has-nv-site-bg-color has-text-color\">24h <strong>Advanced yoga fundamentals<\/strong> avec Simon Borg de<strong> <a href=\"https:\/\/yogasynergy.com\/\" target=\"_blank\" rel=\"noreferrer noopener\">Yogasynergy<\/a><\/strong><\/p>\n\n\n\n<p>40h <strong>Creativity and inspiration<\/strong>, advanced vinyasa methodology Alessandra Pecorella <a href=\"https:\/\/adityayogaschool.co.uk\/\"><strong>Aditya Yoga<\/strong><\/a><a href=\"https:\/\/adityayogaschool.co.uk\/\" target=\"_blank\" rel=\"noreferrer noopener\"><strong> School<\/strong><\/a><\/p>\n\n\n\n<p><\/p>\n\n\n\n<p class=\"has-nv-site-bg-color has-text-color\">50h Formation <strong>Yin Yoga<\/strong> avec<strong><a href=\"http:\/\/www.biffmithoeferyoga.com\/\" target=\"_blank\" rel=\"noreferrer noopener\"> Biff Mithoefer<\/a> <\/strong>et <a href=\"https:\/\/www.yangyinyoga.fr\/formations-yin\" target=\"_blank\" rel=\"noreferrer noopener\"><strong>Cecile Roubaud<\/strong><\/a><\/p>\n\n\n\n<p class=\"has-nv-site-bg-color has-text-color\">30h Formation <strong>Intensive Vinyasa<\/strong> avec <strong><span style=\"text-decoration: underline;\"><a href=\"https:\/\/www.mathieuboldron.com\/\" target=\"_blank\" rel=\"noreferrer noopener\">Mathieu Boldron<\/a><\/span><\/strong><\/p>\n\n\n\n<p class=\"has-nv-site-bg-color has-text-color\">15 h Formation <strong>Ajustements<\/strong> avec<strong> <a href=\"https:\/\/www.julienlevyyoga.com\/\" target=\"_blank\" rel=\"noreferrer noopener\">Julien Levy<\/a><\/strong><\/p>\n\n\n\n<p>50h  Formation <strong>Power Yoga <\/strong>avec <a href=\"https:\/\/davidnamasteyoga.com\/\" target=\"_blank\" rel=\"noreferrer noopener\"><strong>David Namaste yoga<\/strong><\/a><\/p>\n\n\n\n<p>25 h Formation de <strong>Yoga a\u00e9rien<\/strong> (hamac) avec <a href=\"https:\/\/www.yogadelajoa.com\/\" target=\"_blank\" rel=\"noreferrer noopener\"> <strong>Yogadelajoa<\/strong><\/a><\/p>\n\n\n\n<p>50 TTC <strong>Formation ajustement<\/strong> avec Simon Park <a href=\"https:\/\/www.liquidflowyoga.com\/\" target=\"_blank\" rel=\"noreferrer noopener\"><strong>LiquidyogaFLow<\/strong><\/a><\/p>\n\n\n\n<p>30h Formation<strong> yoga a\u00e9rien<\/strong> avec Melissa Delattre<strong> <a href=\"https:\/\/www.aerialvinyasayoga.net\/\" target=\"_blank\" rel=\"noreferrer noopener\">Aerial vinyasa yoga<\/a><\/strong><\/p>\n\n\n\n<p class=\"has-white-color has-text-color\"><br><\/p>\n<\/div>\n<\/div>\n<\/div><\/div>\n\n\n\n<p><\/p>\n","protected":false},"excerpt":{"rendered":"","protected":false},"author":1,"featured_media":0,"parent":0,"menu_order":0,"comment_status":"closed","ping_status":"closed","template":"page-templates\/template-pagebuilder-full-width.php","meta":{"neve_meta_sidebar":"full-width","neve_meta_container":"contained","neve_meta_enable_content_width":"on","neve_meta_content_width":100,"neve_meta_title_alignment":"","neve_meta_author_avatar":"","neve_post_elements_order":"","neve_meta_disable_header":"","neve_meta_disable_footer":"","neve_meta_disable_title":"","_themeisle_gutenberg_block_has_review":false,"footnotes":""},"class_list":["post-139","page","type-page","status-publish","hentry"],"yoast_head":"<!-- This site is optimized with the Yoast SEO plugin v27.5 - https:\/\/yoast.com\/product\/yoast-seo-wordpress\/ -->\n<title>Moi - Jenny Yoga<\/title>\n<meta name=\"robots\" content=\"index, follow, max-snippet:-1, max-image-preview:large, max-video-preview:-1\" \/>\n<link rel=\"canonical\" href=\"https:\/\/jenny.yoga\/?page_id=139\" \/>\n<meta property=\"og:locale\" content=\"fr_FR\" \/>\n<meta property=\"og:type\" content=\"article\" \/>\n<meta property=\"og:title\" content=\"Moi - Jenny Yoga\" \/>\n<meta property=\"og:url\" content=\"https:\/\/jenny.yoga\/?page_id=139\" \/>\n<meta property=\"og:site_name\" content=\"Jenny Yoga\" \/>\n<meta property=\"article:publisher\" content=\"https:\/\/www.facebook.com\/jennygyoga\" \/>\n<meta property=\"article:modified_time\" content=\"2024-08-27T16:32:09+00:00\" \/>\n<meta property=\"og:image\" content=\"https:\/\/jenny.yoga\/wp-content\/uploads\/2022\/10\/jenny-15-1024x683.jpg\" \/>\n<meta name=\"twitter:card\" content=\"summary_large_image\" \/>\n<meta name=\"twitter:label1\" content=\"Dur\u00e9e de lecture estim\u00e9e\" \/>\n\t<meta name=\"twitter:data1\" content=\"3 minutes\" \/>\n<script type=\"application\/ld+json\" class=\"yoast-schema-graph\">{\"@context\":\"https:\\\/\\\/schema.org\",\"@graph\":[{\"@type\":\"WebPage\",\"@id\":\"https:\\\/\\\/jenny.yoga\\\/?page_id=139\",\"url\":\"https:\\\/\\\/jenny.yoga\\\/?page_id=139\",\"name\":\"Moi - Jenny Yoga\",\"isPartOf\":{\"@id\":\"https:\\\/\\\/jenny.yoga\\\/#website\"},\"primaryImageOfPage\":{\"@id\":\"https:\\\/\\\/jenny.yoga\\\/?page_id=139#primaryimage\"},\"image\":{\"@id\":\"https:\\\/\\\/jenny.yoga\\\/?page_id=139#primaryimage\"},\"thumbnailUrl\":\"https:\\\/\\\/jenny.yoga\\\/wp-content\\\/uploads\\\/2022\\\/10\\\/jenny-15-1024x683.jpg\",\"datePublished\":\"2020-03-25T23:46:04+00:00\",\"dateModified\":\"2024-08-27T16:32:09+00:00\",\"breadcrumb\":{\"@id\":\"https:\\\/\\\/jenny.yoga\\\/?page_id=139#breadcrumb\"},\"inLanguage\":\"fr-FR\",\"potentialAction\":[{\"@type\":\"ReadAction\",\"target\":[\"https:\\\/\\\/jenny.yoga\\\/?page_id=139\"]}]},{\"@type\":\"ImageObject\",\"inLanguage\":\"fr-FR\",\"@id\":\"https:\\\/\\\/jenny.yoga\\\/?page_id=139#primaryimage\",\"url\":\"https:\\\/\\\/jenny.yoga\\\/wp-content\\\/uploads\\\/2022\\\/10\\\/jenny-15-1024x683.jpg\",\"contentUrl\":\"https:\\\/\\\/jenny.yoga\\\/wp-content\\\/uploads\\\/2022\\\/10\\\/jenny-15-1024x683.jpg\"},{\"@type\":\"BreadcrumbList\",\"@id\":\"https:\\\/\\\/jenny.yoga\\\/?page_id=139#breadcrumb\",\"itemListElement\":[{\"@type\":\"ListItem\",\"position\":1,\"name\":\"Accueil\",\"item\":\"https:\\\/\\\/jenny.yoga\\\/\"},{\"@type\":\"ListItem\",\"position\":2,\"name\":\"Moi\"}]},{\"@type\":\"WebSite\",\"@id\":\"https:\\\/\\\/jenny.yoga\\\/#website\",\"url\":\"https:\\\/\\\/jenny.yoga\\\/\",\"name\":\"Jenny Yoga\",\"description\":\"Un site utilisant WordPress\",\"publisher\":{\"@id\":\"https:\\\/\\\/jenny.yoga\\\/#organization\"},\"potentialAction\":[{\"@type\":\"SearchAction\",\"target\":{\"@type\":\"EntryPoint\",\"urlTemplate\":\"https:\\\/\\\/jenny.yoga\\\/?s={search_term_string}\"},\"query-input\":{\"@type\":\"PropertyValueSpecification\",\"valueRequired\":true,\"valueName\":\"search_term_string\"}}],\"inLanguage\":\"fr-FR\"},{\"@type\":\"Organization\",\"@id\":\"https:\\\/\\\/jenny.yoga\\\/#organization\",\"name\":\"Jenny Yoga\",\"url\":\"https:\\\/\\\/jenny.yoga\\\/\",\"logo\":{\"@type\":\"ImageObject\",\"inLanguage\":\"fr-FR\",\"@id\":\"https:\\\/\\\/jenny.yoga\\\/#\\\/schema\\\/logo\\\/image\\\/\",\"url\":\"https:\\\/\\\/jenny.yoga\\\/wp-content\\\/uploads\\\/2020\\\/12\\\/rokophoto-logo-1.png\",\"contentUrl\":\"https:\\\/\\\/jenny.yoga\\\/wp-content\\\/uploads\\\/2020\\\/12\\\/rokophoto-logo-1.png\",\"width\":166,\"height\":166,\"caption\":\"Jenny Yoga\"},\"image\":{\"@id\":\"https:\\\/\\\/jenny.yoga\\\/#\\\/schema\\\/logo\\\/image\\\/\"},\"sameAs\":[\"https:\\\/\\\/www.facebook.com\\\/jennygyoga\",\"https:\\\/\\\/www.instagram.com\\\/jenny.yoga\\\/?fbclid=IwAR2gVuHR2oxERzB74ga3lbrpeEEBD2y7Q0RoEq9Mp1-s7cwrFasbQ1atuX8\"]}]}<\/script>\n<!-- \/ Yoast SEO plugin. -->","yoast_head_json":{"title":"Moi - Jenny Yoga","robots":{"index":"index","follow":"follow","max-snippet":"max-snippet:-1","max-image-preview":"max-image-preview:large","max-video-preview":"max-video-preview:-1"},"canonical":"https:\/\/jenny.yoga\/?page_id=139","og_locale":"fr_FR","og_type":"article","og_title":"Moi - Jenny Yoga","og_url":"https:\/\/jenny.yoga\/?page_id=139","og_site_name":"Jenny Yoga","article_publisher":"https:\/\/www.facebook.com\/jennygyoga","article_modified_time":"2024-08-27T16:32:09+00:00","og_image":[{"url":"https:\/\/jenny.yoga\/wp-content\/uploads\/2022\/10\/jenny-15-1024x683.jpg","type":"","width":"","height":""}],"twitter_card":"summary_large_image","twitter_misc":{"Dur\u00e9e de lecture estim\u00e9e":"3 minutes"},"schema":{"@context":"https:\/\/schema.org","@graph":[{"@type":"WebPage","@id":"https:\/\/jenny.yoga\/?page_id=139","url":"https:\/\/jenny.yoga\/?page_id=139","name":"Moi - Jenny Yoga","isPartOf":{"@id":"https:\/\/jenny.yoga\/#website"},"primaryImageOfPage":{"@id":"https:\/\/jenny.yoga\/?page_id=139#primaryimage"},"image":{"@id":"https:\/\/jenny.yoga\/?page_id=139#primaryimage"},"thumbnailUrl":"https:\/\/jenny.yoga\/wp-content\/uploads\/2022\/10\/jenny-15-1024x683.jpg","datePublished":"2020-03-25T23:46:04+00:00","dateModified":"2024-08-27T16:32:09+00:00","breadcrumb":{"@id":"https:\/\/jenny.yoga\/?page_id=139#breadcrumb"},"inLanguage":"fr-FR","potentialAction":[{"@type":"ReadAction","target":["https:\/\/jenny.yoga\/?page_id=139"]}]},{"@type":"ImageObject","inLanguage":"fr-FR","@id":"https:\/\/jenny.yoga\/?page_id=139#primaryimage","url":"https:\/\/jenny.yoga\/wp-content\/uploads\/2022\/10\/jenny-15-1024x683.jpg","contentUrl":"https:\/\/jenny.yoga\/wp-content\/uploads\/2022\/10\/jenny-15-1024x683.jpg"},{"@type":"BreadcrumbList","@id":"https:\/\/jenny.yoga\/?page_id=139#breadcrumb","itemListElement":[{"@type":"ListItem","position":1,"name":"Accueil","item":"https:\/\/jenny.yoga\/"},{"@type":"ListItem","position":2,"name":"Moi"}]},{"@type":"WebSite","@id":"https:\/\/jenny.yoga\/#website","url":"https:\/\/jenny.yoga\/","name":"Jenny Yoga","description":"Un site utilisant WordPress","publisher":{"@id":"https:\/\/jenny.yoga\/#organization"},"potentialAction":[{"@type":"SearchAction","target":{"@type":"EntryPoint","urlTemplate":"https:\/\/jenny.yoga\/?s={search_term_string}"},"query-input":{"@type":"PropertyValueSpecification","valueRequired":true,"valueName":"search_term_string"}}],"inLanguage":"fr-FR"},{"@type":"Organization","@id":"https:\/\/jenny.yoga\/#organization","name":"Jenny Yoga","url":"https:\/\/jenny.yoga\/","logo":{"@type":"ImageObject","inLanguage":"fr-FR","@id":"https:\/\/jenny.yoga\/#\/schema\/logo\/image\/","url":"https:\/\/jenny.yoga\/wp-content\/uploads\/2020\/12\/rokophoto-logo-1.png","contentUrl":"https:\/\/jenny.yoga\/wp-content\/uploads\/2020\/12\/rokophoto-logo-1.png","width":166,"height":166,"caption":"Jenny Yoga"},"image":{"@id":"https:\/\/jenny.yoga\/#\/schema\/logo\/image\/"},"sameAs":["https:\/\/www.facebook.com\/jennygyoga","https:\/\/www.instagram.com\/jenny.yoga\/?fbclid=IwAR2gVuHR2oxERzB74ga3lbrpeEEBD2y7Q0RoEq9Mp1-s7cwrFasbQ1atuX8"]}]}},"jetpack_sharing_enabled":true,"_links":{"self":[{"href":"https:\/\/jenny.yoga\/index.php?rest_route=\/wp\/v2\/pages\/139","targetHints":{"allow":["GET"]}}],"collection":[{"href":"https:\/\/jenny.yoga\/index.php?rest_route=\/wp\/v2\/pages"}],"about":[{"href":"https:\/\/jenny.yoga\/index.php?rest_route=\/wp\/v2\/types\/page"}],"author":[{"embeddable":true,"href":"https:\/\/jenny.yoga\/index.php?rest_route=\/wp\/v2\/users\/1"}],"replies":[{"embeddable":true,"href":"https:\/\/jenny.yoga\/index.php?rest_route=%2Fwp%2Fv2%2Fcomments&post=139"}],"version-history":[{"count":41,"href":"https:\/\/jenny.yoga\/index.php?rest_route=\/wp\/v2\/pages\/139\/revisions"}],"predecessor-version":[{"id":911,"href":"https:\/\/jenny.yoga\/index.php?rest_route=\/wp\/v2\/pages\/139\/revisions\/911"}],"wp:attachment":[{"href":"https:\/\/jenny.yoga\/index.php?rest_route=%2Fwp%2Fv2%2Fmedia&parent=139"}],"curies":[{"name":"wp","href":"https:\/\/api.w.org\/{rel}","templated":true}]}}