{"id":260,"date":"2022-10-27T17:41:50","date_gmt":"2022-10-27T15:41:50","guid":{"rendered":"https:\/\/jenny.yoga\/?page_id=260"},"modified":"2023-05-25T22:08:54","modified_gmt":"2023-05-25T20:08:54","slug":"cours","status":"publish","type":"page","link":"https:\/\/jenny.yoga\/?page_id=260","title":{"rendered":"Cours"},"content":{"rendered":"\n<div id=\"wp-block-themeisle-blocks-advanced-columns-7b98f135\" class=\"wp-block-themeisle-blocks-advanced-columns has-1-columns has-desktop-equal-layout has-tablet-equal-layout has-mobile-equal-layout has-vertical-unset\"><div class=\"wp-block-themeisle-blocks-advanced-columns-overlay\"><\/div><div class=\"innerblocks-wrap\">\n<div id=\"wp-block-themeisle-blocks-advanced-column-6e7277d6\" class=\"wp-block-themeisle-blocks-advanced-column\"><\/div>\n<\/div><\/div>\n\n\n\n<div class=\"wp-block-media-text alignfull is-stacked-on-mobile has-neve-link-hover-color-background-color has-background has-medium-font-size\"><figure class=\"wp-block-media-text__media\"><img loading=\"lazy\" decoding=\"async\" width=\"1024\" height=\"439\" src=\"https:\/\/jenny.yoga\/wp-content\/uploads\/2022\/10\/jenny-9-1024x439.jpg\" alt=\"pri\u00e8re\" class=\"wp-image-237 size-full\" srcset=\"https:\/\/jenny.yoga\/wp-content\/uploads\/2022\/10\/jenny-9-1024x439.jpg 1024w, https:\/\/jenny.yoga\/wp-content\/uploads\/2022\/10\/jenny-9-300x129.jpg 300w, https:\/\/jenny.yoga\/wp-content\/uploads\/2022\/10\/jenny-9-768x329.jpg 768w, https:\/\/jenny.yoga\/wp-content\/uploads\/2022\/10\/jenny-9-1536x659.jpg 1536w, https:\/\/jenny.yoga\/wp-content\/uploads\/2022\/10\/jenny-9.jpg 1980w\" sizes=\"auto, (max-width: 1024px) 100vw, 1024px\" \/><\/figure><div class=\"wp-block-media-text__content\">\n<p class=\"has-medium-font-size\">Les cours sont adapt\u00e9s en fonction des besoins, des envies et de votre niveau de pratique.<\/p>\n<\/div><\/div>\n\n\n\n<div style=\"height:32px\" aria-hidden=\"true\" class=\"wp-block-spacer\"><\/div>\n\n\n\n<div id=\"wp-block-themeisle-blocks-advanced-columns-dfd643f3\" class=\"wp-block-themeisle-blocks-advanced-columns alignfull has-2-columns has-desktop-equal-layout has-tablet-equal-layout has-mobile-collapsedRows-layout has-reverse-columns-mobile has-vertical-center ticss-c00aadba has-light-bg\"><div class=\"wp-block-themeisle-blocks-advanced-columns-overlay\"><\/div><div class=\"innerblocks-wrap\">\n<div id=\"wp-block-themeisle-blocks-advanced-column-eefb8312\" class=\"wp-block-themeisle-blocks-advanced-column\"><\/div>\n\n\n\n<div id=\"wp-block-themeisle-blocks-advanced-column-9136d16a\" class=\"wp-block-themeisle-blocks-advanced-column\"><\/div>\n<\/div><\/div>\n\n\n\n<div class=\"wp-block-media-text alignwide is-stacked-on-mobile is-vertically-aligned-center is-image-fill ticss-e4f706d3 has-nv-light-bg-background-color has-background\" style=\"grid-template-columns:20% auto\"><figure class=\"wp-block-media-text__media\" style=\"background-image:url(https:\/\/jenny.yoga\/wp-content\/uploads\/2022\/10\/jenny-11-683x1024.jpg);background-position:74% 6%\"><img loading=\"lazy\" decoding=\"async\" width=\"683\" height=\"1024\" src=\"https:\/\/jenny.yoga\/wp-content\/uploads\/2022\/10\/jenny-11-683x1024.jpg\" alt=\"main\n\" class=\"wp-image-238 size-full\" srcset=\"https:\/\/jenny.yoga\/wp-content\/uploads\/2022\/10\/jenny-11-683x1024.jpg 683w, https:\/\/jenny.yoga\/wp-content\/uploads\/2022\/10\/jenny-11-200x300.jpg 200w, https:\/\/jenny.yoga\/wp-content\/uploads\/2022\/10\/jenny-11-768x1152.jpg 768w, https:\/\/jenny.yoga\/wp-content\/uploads\/2022\/10\/jenny-11-1024x1536.jpg 1024w, https:\/\/jenny.yoga\/wp-content\/uploads\/2022\/10\/jenny-11.jpg 1320w\" sizes=\"auto, (max-width: 683px) 100vw, 683px\" \/><\/figure><div class=\"wp-block-media-text__content\">\n<h1 class=\"wp-block-heading has-medium-font-size\"><strong>Hatha<\/strong><\/h1>\n\n\n\n<p>Cours avec un rythme doux, les postures sont tenues plus longtemps et on prends le temps de les voir plus en d\u00e9tail<\/p>\n<\/div><\/div>\n\n\n\n<div style=\"height:32px\" aria-hidden=\"true\" class=\"wp-block-spacer\"><\/div>\n\n\n\n<div class=\"wp-block-media-text alignwide has-media-on-the-right is-stacked-on-mobile is-vertically-aligned-center is-image-fill has-neve-link-hover-color-background-color has-background\" style=\"grid-template-columns:auto 30%\"><div class=\"wp-block-media-text__content\">\n<h2 class=\"wp-block-heading has-medium-font-size\"><strong>Vinyasa<\/strong><\/h2>\n\n\n\n<p>Cours tonique avec enchainement des postures, plus ou moins intense selon le niveau<\/p>\n\n\n\n<p><\/p>\n<\/div><figure class=\"wp-block-media-text__media\" style=\"background-image:url(https:\/\/jenny.yoga\/wp-content\/uploads\/2022\/10\/jenny-7-1-1024x640.jpg);background-position:50% 50%\"><img loading=\"lazy\" decoding=\"async\" width=\"1024\" height=\"640\" src=\"https:\/\/jenny.yoga\/wp-content\/uploads\/2022\/10\/jenny-7-1-1024x640.jpg\" alt=\"\" class=\"wp-image-236 size-full\" srcset=\"https:\/\/jenny.yoga\/wp-content\/uploads\/2022\/10\/jenny-7-1-1024x640.jpg 1024w, https:\/\/jenny.yoga\/wp-content\/uploads\/2022\/10\/jenny-7-1-300x187.jpg 300w, https:\/\/jenny.yoga\/wp-content\/uploads\/2022\/10\/jenny-7-1-768x480.jpg 768w, https:\/\/jenny.yoga\/wp-content\/uploads\/2022\/10\/jenny-7-1-1536x960.jpg 1536w, https:\/\/jenny.yoga\/wp-content\/uploads\/2022\/10\/jenny-7-1.jpg 1980w\" sizes=\"auto, (max-width: 1024px) 100vw, 1024px\" \/><\/figure><\/div>\n\n\n\n<div style=\"height:32px\" aria-hidden=\"true\" class=\"wp-block-spacer\"><\/div>\n\n\n\n<div class=\"wp-block-media-text alignwide is-stacked-on-mobile is-image-fill has-nv-light-bg-background-color has-background\" style=\"grid-template-columns:20% auto\"><figure class=\"wp-block-media-text__media\" style=\"background-image:url(https:\/\/jenny.yoga\/wp-content\/uploads\/2022\/10\/jenny-19-1024x613.jpg);background-position:50% 50%\"><img loading=\"lazy\" decoding=\"async\" width=\"1024\" height=\"613\" src=\"https:\/\/jenny.yoga\/wp-content\/uploads\/2022\/10\/jenny-19-1024x613.jpg\" alt=\"\" class=\"wp-image-247 size-full\" srcset=\"https:\/\/jenny.yoga\/wp-content\/uploads\/2022\/10\/jenny-19-1024x613.jpg 1024w, https:\/\/jenny.yoga\/wp-content\/uploads\/2022\/10\/jenny-19-300x180.jpg 300w, https:\/\/jenny.yoga\/wp-content\/uploads\/2022\/10\/jenny-19-768x460.jpg 768w, https:\/\/jenny.yoga\/wp-content\/uploads\/2022\/10\/jenny-19-1536x920.jpg 1536w, https:\/\/jenny.yoga\/wp-content\/uploads\/2022\/10\/jenny-19-2048x1227.jpg 2048w\" sizes=\"auto, (max-width: 1024px) 100vw, 1024px\" \/><\/figure><div class=\"wp-block-media-text__content\">\n<h1 class=\"wp-block-heading has-medium-font-size\"><strong>Yin<\/strong><\/h1>\n\n\n\n<p class=\"has-text-align-left\">Venez d\u00e9couvrir cette pratique ultra douce! <\/p>\n\n\n\n<p>Les r\u00e8gles d&rsquo;or de cette pratique<\/p>\n\n\n\n<ul class=\"wp-block-list\">\n<li>calme et immobilit\u00e9<\/li>\n\n\n\n<li>rel\u00e2chement musculaire<\/li>\n\n\n\n<li>rester longtemps dans la posture<\/li>\n\n\n\n<li>\u00e9coute de soi<\/li>\n<\/ul>\n<\/div><\/div>\n\n\n\n<div style=\"height:32px\" aria-hidden=\"true\" class=\"wp-block-spacer\"><\/div>\n\n\n\n<div class=\"wp-block-media-text alignwide has-media-on-the-right is-stacked-on-mobile is-image-fill has-neve-link-hover-color-background-color has-background\" style=\"grid-template-columns:auto 20%\"><div class=\"wp-block-media-text__content\">\n<h1 class=\"wp-block-heading has-medium-font-size\"><strong>Pr\u00e9natal<\/strong><\/h1>\n\n\n\n<p><strong>Le yoga pr\u00e9natal est un moyen de garder une activit\u00e9 physique pendant toute votre grossesse<\/strong><\/p>\n\n\n\n<ul class=\"wp-block-list\">\n<li>rel\u00e2cher toutes les tensions physiques li\u00e9es \u00e0 la grossesse<\/li>\n\n\n\n<li>soulager les d\u00e9sagr\u00e9ments \u00e9ventuels<\/li>\n\n\n\n<li>apprendre \u00e0 respirer plus efficacement pour avoir plus d\u2019\u00e9nergie<\/li>\n\n\n\n<li>garder un mental calme et gagner en s\u00e9r\u00e9nit\u00e9<\/li>\n<\/ul>\n<\/div><figure class=\"wp-block-media-text__media\" style=\"background-image:url(https:\/\/jenny.yoga\/wp-content\/uploads\/2022\/12\/suhyeon-choi-NIZeg731LxM-unsplash-1-1024x684.jpg);background-position:50% 50%\"><img loading=\"lazy\" decoding=\"async\" width=\"1024\" height=\"684\" src=\"https:\/\/jenny.yoga\/wp-content\/uploads\/2022\/12\/suhyeon-choi-NIZeg731LxM-unsplash-1-1024x684.jpg\" alt=\"\" class=\"wp-image-570 size-full\" srcset=\"https:\/\/jenny.yoga\/wp-content\/uploads\/2022\/12\/suhyeon-choi-NIZeg731LxM-unsplash-1-1024x684.jpg 1024w, https:\/\/jenny.yoga\/wp-content\/uploads\/2022\/12\/suhyeon-choi-NIZeg731LxM-unsplash-1-300x200.jpg 300w, https:\/\/jenny.yoga\/wp-content\/uploads\/2022\/12\/suhyeon-choi-NIZeg731LxM-unsplash-1-768x513.jpg 768w, https:\/\/jenny.yoga\/wp-content\/uploads\/2022\/12\/suhyeon-choi-NIZeg731LxM-unsplash-1-1536x1025.jpg 1536w, https:\/\/jenny.yoga\/wp-content\/uploads\/2022\/12\/suhyeon-choi-NIZeg731LxM-unsplash-1-2048x1367.jpg 2048w, https:\/\/jenny.yoga\/wp-content\/uploads\/2022\/12\/suhyeon-choi-NIZeg731LxM-unsplash-1-930x620.jpg 930w\" sizes=\"auto, (max-width: 1024px) 100vw, 1024px\" \/><\/figure><\/div>\n\n\n\n<div style=\"height:32px\" aria-hidden=\"true\" class=\"wp-block-spacer\"><\/div>\n\n\n\n<div class=\"wp-block-media-text alignwide is-stacked-on-mobile is-image-fill has-nv-light-bg-background-color has-background\" style=\"grid-template-columns:20% auto\"><figure class=\"wp-block-media-text__media\" style=\"background-image:url(https:\/\/jenny.yoga\/wp-content\/uploads\/2022\/10\/jenny-5-683x1024.jpg);background-position:50% 50%\"><img loading=\"lazy\" decoding=\"async\" width=\"683\" height=\"1024\" src=\"https:\/\/jenny.yoga\/wp-content\/uploads\/2022\/10\/jenny-5-683x1024.jpg\" alt=\"\" class=\"wp-image-235 size-full\" srcset=\"https:\/\/jenny.yoga\/wp-content\/uploads\/2022\/10\/jenny-5-683x1024.jpg 683w, https:\/\/jenny.yoga\/wp-content\/uploads\/2022\/10\/jenny-5-200x300.jpg 200w, https:\/\/jenny.yoga\/wp-content\/uploads\/2022\/10\/jenny-5-768x1152.jpg 768w, https:\/\/jenny.yoga\/wp-content\/uploads\/2022\/10\/jenny-5-1024x1536.jpg 1024w, https:\/\/jenny.yoga\/wp-content\/uploads\/2022\/10\/jenny-5.jpg 1320w\" sizes=\"auto, (max-width: 683px) 100vw, 683px\" \/><\/figure><div class=\"wp-block-media-text__content\">\n<h1 class=\"wp-block-heading has-medium-font-size\">Cours Particulier<\/h1>\n\n\n\n<p class=\"has-text-align-left\">Un cours sur mesure pour r\u00e9pondre \u00e0 vos besoins et vos objectifs<\/p>\n\n\n\n<p>Je me d\u00e9place chez vous et je mobilise toutes mes connaissances <\/p>\n\n\n\n<ul class=\"wp-block-list\">\n<li>yoga, adapter les postures en fonction des blessures et de l&rsquo;inconfort<\/li>\n\n\n\n<li>renforcement musculaire <\/li>\n\n\n\n<li>motivation et travail d&rsquo;alignement<\/li>\n\n\n\n<li>\u00e9coute et disponibilit\u00e9<\/li>\n<\/ul>\n<\/div><\/div>\n","protected":false},"excerpt":{"rendered":"<p>Les cours sont adapt\u00e9s en fonction des besoins, des envies et de votre niveau de pratique. Hatha Cours avec un rythme doux, les postures sont tenues plus longtemps et on prends le temps de les voir plus en d\u00e9tail Vinyasa Cours tonique avec enchainement des postures, plus ou moins intense selon le niveau<\/p>\n","protected":false},"author":1,"featured_media":0,"parent":0,"menu_order":0,"comment_status":"closed","ping_status":"closed","template":"","meta":{"neve_meta_sidebar":"","neve_meta_container":"full-width","neve_meta_enable_content_width":"","neve_meta_content_width":0,"neve_meta_title_alignment":"","neve_meta_author_avatar":"","neve_post_elements_order":"","neve_meta_disable_header":"","neve_meta_disable_footer":"","neve_meta_disable_title":"","_themeisle_gutenberg_block_has_review":false,"footnotes":""},"class_list":["post-260","page","type-page","status-publish","hentry"],"yoast_head":"<!-- This site is optimized with the Yoast SEO plugin v27.5 - https:\/\/yoast.com\/product\/yoast-seo-wordpress\/ -->\n<title>Cours - Jenny Yoga<\/title>\n<meta name=\"robots\" content=\"index, follow, max-snippet:-1, max-image-preview:large, max-video-preview:-1\" \/>\n<link rel=\"canonical\" href=\"https:\/\/jenny.yoga\/?page_id=260\" \/>\n<meta property=\"og:locale\" content=\"fr_FR\" \/>\n<meta property=\"og:type\" content=\"article\" \/>\n<meta property=\"og:title\" content=\"Cours - Jenny Yoga\" \/>\n<meta property=\"og:description\" content=\"Les cours sont adapt\u00e9s en fonction des besoins, des envies et de votre niveau de pratique. Hatha Cours avec un rythme doux, les postures sont tenues plus longtemps et on prends le temps de les voir plus en d\u00e9tail Vinyasa Cours tonique avec enchainement des postures, plus ou moins intense selon le niveau\" \/>\n<meta property=\"og:url\" content=\"https:\/\/jenny.yoga\/?page_id=260\" \/>\n<meta property=\"og:site_name\" content=\"Jenny Yoga\" \/>\n<meta property=\"article:publisher\" content=\"https:\/\/www.facebook.com\/jennygyoga\" \/>\n<meta property=\"article:modified_time\" content=\"2023-05-25T20:08:54+00:00\" \/>\n<meta property=\"og:image\" content=\"https:\/\/jenny.yoga\/wp-content\/uploads\/2022\/10\/jenny-9-1024x439.jpg\" \/>\n<meta name=\"twitter:card\" content=\"summary_large_image\" \/>\n<meta name=\"twitter:label1\" content=\"Dur\u00e9e de lecture estim\u00e9e\" \/>\n\t<meta name=\"twitter:data1\" content=\"3 minutes\" \/>\n<script type=\"application\/ld+json\" class=\"yoast-schema-graph\">{\"@context\":\"https:\\\/\\\/schema.org\",\"@graph\":[{\"@type\":\"WebPage\",\"@id\":\"https:\\\/\\\/jenny.yoga\\\/?page_id=260\",\"url\":\"https:\\\/\\\/jenny.yoga\\\/?page_id=260\",\"name\":\"Cours - Jenny Yoga\",\"isPartOf\":{\"@id\":\"https:\\\/\\\/jenny.yoga\\\/#website\"},\"primaryImageOfPage\":{\"@id\":\"https:\\\/\\\/jenny.yoga\\\/?page_id=260#primaryimage\"},\"image\":{\"@id\":\"https:\\\/\\\/jenny.yoga\\\/?page_id=260#primaryimage\"},\"thumbnailUrl\":\"https:\\\/\\\/jenny.yoga\\\/wp-content\\\/uploads\\\/2022\\\/10\\\/jenny-9-1024x439.jpg\",\"datePublished\":\"2022-10-27T15:41:50+00:00\",\"dateModified\":\"2023-05-25T20:08:54+00:00\",\"breadcrumb\":{\"@id\":\"https:\\\/\\\/jenny.yoga\\\/?page_id=260#breadcrumb\"},\"inLanguage\":\"fr-FR\",\"potentialAction\":[{\"@type\":\"ReadAction\",\"target\":[\"https:\\\/\\\/jenny.yoga\\\/?page_id=260\"]}]},{\"@type\":\"ImageObject\",\"inLanguage\":\"fr-FR\",\"@id\":\"https:\\\/\\\/jenny.yoga\\\/?page_id=260#primaryimage\",\"url\":\"https:\\\/\\\/jenny.yoga\\\/wp-content\\\/uploads\\\/2022\\\/10\\\/jenny-9.jpg\",\"contentUrl\":\"https:\\\/\\\/jenny.yoga\\\/wp-content\\\/uploads\\\/2022\\\/10\\\/jenny-9.jpg\",\"width\":1980,\"height\":849},{\"@type\":\"BreadcrumbList\",\"@id\":\"https:\\\/\\\/jenny.yoga\\\/?page_id=260#breadcrumb\",\"itemListElement\":[{\"@type\":\"ListItem\",\"position\":1,\"name\":\"Accueil\",\"item\":\"https:\\\/\\\/jenny.yoga\\\/\"},{\"@type\":\"ListItem\",\"position\":2,\"name\":\"Cours\"}]},{\"@type\":\"WebSite\",\"@id\":\"https:\\\/\\\/jenny.yoga\\\/#website\",\"url\":\"https:\\\/\\\/jenny.yoga\\\/\",\"name\":\"Jenny Yoga\",\"description\":\"Un site utilisant WordPress\",\"publisher\":{\"@id\":\"https:\\\/\\\/jenny.yoga\\\/#organization\"},\"potentialAction\":[{\"@type\":\"SearchAction\",\"target\":{\"@type\":\"EntryPoint\",\"urlTemplate\":\"https:\\\/\\\/jenny.yoga\\\/?s={search_term_string}\"},\"query-input\":{\"@type\":\"PropertyValueSpecification\",\"valueRequired\":true,\"valueName\":\"search_term_string\"}}],\"inLanguage\":\"fr-FR\"},{\"@type\":\"Organization\",\"@id\":\"https:\\\/\\\/jenny.yoga\\\/#organization\",\"name\":\"Jenny Yoga\",\"url\":\"https:\\\/\\\/jenny.yoga\\\/\",\"logo\":{\"@type\":\"ImageObject\",\"inLanguage\":\"fr-FR\",\"@id\":\"https:\\\/\\\/jenny.yoga\\\/#\\\/schema\\\/logo\\\/image\\\/\",\"url\":\"https:\\\/\\\/jenny.yoga\\\/wp-content\\\/uploads\\\/2020\\\/12\\\/rokophoto-logo-1.png\",\"contentUrl\":\"https:\\\/\\\/jenny.yoga\\\/wp-content\\\/uploads\\\/2020\\\/12\\\/rokophoto-logo-1.png\",\"width\":166,\"height\":166,\"caption\":\"Jenny Yoga\"},\"image\":{\"@id\":\"https:\\\/\\\/jenny.yoga\\\/#\\\/schema\\\/logo\\\/image\\\/\"},\"sameAs\":[\"https:\\\/\\\/www.facebook.com\\\/jennygyoga\",\"https:\\\/\\\/www.instagram.com\\\/jenny.yoga\\\/?fbclid=IwAR2gVuHR2oxERzB74ga3lbrpeEEBD2y7Q0RoEq9Mp1-s7cwrFasbQ1atuX8\"]}]}<\/script>\n<!-- \/ Yoast SEO plugin. -->","yoast_head_json":{"title":"Cours - Jenny Yoga","robots":{"index":"index","follow":"follow","max-snippet":"max-snippet:-1","max-image-preview":"max-image-preview:large","max-video-preview":"max-video-preview:-1"},"canonical":"https:\/\/jenny.yoga\/?page_id=260","og_locale":"fr_FR","og_type":"article","og_title":"Cours - Jenny Yoga","og_description":"Les cours sont adapt\u00e9s en fonction des besoins, des envies et de votre niveau de pratique. Hatha Cours avec un rythme doux, les postures sont tenues plus longtemps et on prends le temps de les voir plus en d\u00e9tail Vinyasa Cours tonique avec enchainement des postures, plus ou moins intense selon le niveau","og_url":"https:\/\/jenny.yoga\/?page_id=260","og_site_name":"Jenny Yoga","article_publisher":"https:\/\/www.facebook.com\/jennygyoga","article_modified_time":"2023-05-25T20:08:54+00:00","og_image":[{"url":"https:\/\/jenny.yoga\/wp-content\/uploads\/2022\/10\/jenny-9-1024x439.jpg","type":"","width":"","height":""}],"twitter_card":"summary_large_image","twitter_misc":{"Dur\u00e9e de lecture estim\u00e9e":"3 minutes"},"schema":{"@context":"https:\/\/schema.org","@graph":[{"@type":"WebPage","@id":"https:\/\/jenny.yoga\/?page_id=260","url":"https:\/\/jenny.yoga\/?page_id=260","name":"Cours - Jenny Yoga","isPartOf":{"@id":"https:\/\/jenny.yoga\/#website"},"primaryImageOfPage":{"@id":"https:\/\/jenny.yoga\/?page_id=260#primaryimage"},"image":{"@id":"https:\/\/jenny.yoga\/?page_id=260#primaryimage"},"thumbnailUrl":"https:\/\/jenny.yoga\/wp-content\/uploads\/2022\/10\/jenny-9-1024x439.jpg","datePublished":"2022-10-27T15:41:50+00:00","dateModified":"2023-05-25T20:08:54+00:00","breadcrumb":{"@id":"https:\/\/jenny.yoga\/?page_id=260#breadcrumb"},"inLanguage":"fr-FR","potentialAction":[{"@type":"ReadAction","target":["https:\/\/jenny.yoga\/?page_id=260"]}]},{"@type":"ImageObject","inLanguage":"fr-FR","@id":"https:\/\/jenny.yoga\/?page_id=260#primaryimage","url":"https:\/\/jenny.yoga\/wp-content\/uploads\/2022\/10\/jenny-9.jpg","contentUrl":"https:\/\/jenny.yoga\/wp-content\/uploads\/2022\/10\/jenny-9.jpg","width":1980,"height":849},{"@type":"BreadcrumbList","@id":"https:\/\/jenny.yoga\/?page_id=260#breadcrumb","itemListElement":[{"@type":"ListItem","position":1,"name":"Accueil","item":"https:\/\/jenny.yoga\/"},{"@type":"ListItem","position":2,"name":"Cours"}]},{"@type":"WebSite","@id":"https:\/\/jenny.yoga\/#website","url":"https:\/\/jenny.yoga\/","name":"Jenny Yoga","description":"Un site utilisant WordPress","publisher":{"@id":"https:\/\/jenny.yoga\/#organization"},"potentialAction":[{"@type":"SearchAction","target":{"@type":"EntryPoint","urlTemplate":"https:\/\/jenny.yoga\/?s={search_term_string}"},"query-input":{"@type":"PropertyValueSpecification","valueRequired":true,"valueName":"search_term_string"}}],"inLanguage":"fr-FR"},{"@type":"Organization","@id":"https:\/\/jenny.yoga\/#organization","name":"Jenny Yoga","url":"https:\/\/jenny.yoga\/","logo":{"@type":"ImageObject","inLanguage":"fr-FR","@id":"https:\/\/jenny.yoga\/#\/schema\/logo\/image\/","url":"https:\/\/jenny.yoga\/wp-content\/uploads\/2020\/12\/rokophoto-logo-1.png","contentUrl":"https:\/\/jenny.yoga\/wp-content\/uploads\/2020\/12\/rokophoto-logo-1.png","width":166,"height":166,"caption":"Jenny Yoga"},"image":{"@id":"https:\/\/jenny.yoga\/#\/schema\/logo\/image\/"},"sameAs":["https:\/\/www.facebook.com\/jennygyoga","https:\/\/www.instagram.com\/jenny.yoga\/?fbclid=IwAR2gVuHR2oxERzB74ga3lbrpeEEBD2y7Q0RoEq9Mp1-s7cwrFasbQ1atuX8"]}]}},"jetpack_sharing_enabled":true,"_links":{"self":[{"href":"https:\/\/jenny.yoga\/index.php?rest_route=\/wp\/v2\/pages\/260","targetHints":{"allow":["GET"]}}],"collection":[{"href":"https:\/\/jenny.yoga\/index.php?rest_route=\/wp\/v2\/pages"}],"about":[{"href":"https:\/\/jenny.yoga\/index.php?rest_route=\/wp\/v2\/types\/page"}],"author":[{"embeddable":true,"href":"https:\/\/jenny.yoga\/index.php?rest_route=\/wp\/v2\/users\/1"}],"replies":[{"embeddable":true,"href":"https:\/\/jenny.yoga\/index.php?rest_route=%2Fwp%2Fv2%2Fcomments&post=260"}],"version-history":[{"count":57,"href":"https:\/\/jenny.yoga\/index.php?rest_route=\/wp\/v2\/pages\/260\/revisions"}],"predecessor-version":[{"id":791,"href":"https:\/\/jenny.yoga\/index.php?rest_route=\/wp\/v2\/pages\/260\/revisions\/791"}],"wp:attachment":[{"href":"https:\/\/jenny.yoga\/index.php?rest_route=%2Fwp%2Fv2%2Fmedia&parent=260"}],"curies":[{"name":"wp","href":"https:\/\/api.w.org\/{rel}","templated":true}]}}